{"id":2,"date":"2016-05-10T03:48:21","date_gmt":"2016-05-10T03:48:21","guid":{"rendered":"https:\/\/www.auto-gruber-triptis.de\/?page_id=2"},"modified":"2021-12-02T14:26:40","modified_gmt":"2021-12-02T14:26:40","slug":"sample-page","status":"publish","type":"page","link":"https:\/\/www.auto-gruber-triptis.de\/","title":{"rendered":"Herzlich Willkommen"},"content":{"rendered":"<p>Wir bieten Ihnen <strong>alle Leistungen<\/strong> und Services aus einer Hand &#8211; von A wie Auspuff bis Z wie Z\u00fcndkerze. Egal welche Marke und welches Baujahr, bringen Sie Ihr Fahrzeug einfach zu uns in die Werkstatt &#8211; den Rest erledigen wir. <strong>Schnell, zuverl\u00e4ssig<\/strong> und ausschlie\u00dflich unter Verwendung von Original-Teilen f\u00fchrender Markenhersteller. Au\u00dferdem bleibt Ihre Herstellergarantie bei Neu- und Jungfahrzeugen erhalten. Unser <strong>geschultes, meistergef\u00fchrtes Team<\/strong> hat den Anspruch, Ihnen und Ihrem Auto das Beste zu bieten: schneller, fachm\u00e4nnischer und individueller Service f\u00fcr alle Fahrzeugtypen zu absolut fairen Preisen!<\/p>\n<p>Wir w\u00fcnschen Ihnen eine gute und sichere Fahrt!<\/p>\n\n\n<figure class=\"wp-block-image size-large\"><img loading=\"lazy\" decoding=\"async\" width=\"1024\" height=\"384\" src=\"https:\/\/www.auto-gruber-triptis.de\/wp-content\/uploads\/2021\/12\/asdasdasd-1024x384.jpg\" alt=\"\" class=\"wp-image-147\" srcset=\"https:\/\/www.auto-gruber-triptis.de\/wp-content\/uploads\/2021\/12\/asdasdasd-1024x384.jpg 1024w, https:\/\/www.auto-gruber-triptis.de\/wp-content\/uploads\/2021\/12\/asdasdasd-300x113.jpg 300w, https:\/\/www.auto-gruber-triptis.de\/wp-content\/uploads\/2021\/12\/asdasdasd-768x288.jpg 768w, https:\/\/www.auto-gruber-triptis.de\/wp-content\/uploads\/2021\/12\/asdasdasd-1536x576.jpg 1536w, https:\/\/www.auto-gruber-triptis.de\/wp-content\/uploads\/2021\/12\/asdasdasd.jpg 1824w\" sizes=\"auto, (max-width: 1024px) 100vw, 1024px\" \/><\/figure>\n","protected":false},"excerpt":{"rendered":"<p>Wir bieten Ihnen alle Leistungen und Services aus einer Hand &#8211; von A wie Auspuff bis Z wie Z\u00fcndkerze. Egal welche Marke und welches Baujahr,&hellip;<\/p>\n","protected":false},"author":1,"featured_media":0,"parent":0,"menu_order":0,"comment_status":"closed","ping_status":"open","template":"","meta":{"footnotes":""},"class_list":["post-2","page","type-page","status-publish","hentry"],"_links":{"self":[{"href":"https:\/\/www.auto-gruber-triptis.de\/index.php?rest_route=\/wp\/v2\/pages\/2","targetHints":{"allow":["GET"]}}],"collection":[{"href":"https:\/\/www.auto-gruber-triptis.de\/index.php?rest_route=\/wp\/v2\/pages"}],"about":[{"href":"https:\/\/www.auto-gruber-triptis.de\/index.php?rest_route=\/wp\/v2\/types\/page"}],"author":[{"embeddable":true,"href":"https:\/\/www.auto-gruber-triptis.de\/index.php?rest_route=\/wp\/v2\/users\/1"}],"replies":[{"embeddable":true,"href":"https:\/\/www.auto-gruber-triptis.de\/index.php?rest_route=%2Fwp%2Fv2%2Fcomments&post=2"}],"version-history":[{"count":5,"href":"https:\/\/www.auto-gruber-triptis.de\/index.php?rest_route=\/wp\/v2\/pages\/2\/revisions"}],"predecessor-version":[{"id":148,"href":"https:\/\/www.auto-gruber-triptis.de\/index.php?rest_route=\/wp\/v2\/pages\/2\/revisions\/148"}],"wp:attachment":[{"href":"https:\/\/www.auto-gruber-triptis.de\/index.php?rest_route=%2Fwp%2Fv2%2Fmedia&parent=2"}],"curies":[{"name":"wp","href":"https:\/\/api.w.org\/{rel}","templated":true}]}}